{"id":104,"date":"2020-09-15T21:12:13","date_gmt":"2020-09-15T21:12:13","guid":{"rendered":"https:\/\/paralimpik.tekalp.com\/?page_id=104"},"modified":"2024-09-15T21:13:58","modified_gmt":"2024-09-15T21:13:58","slug":"paralimpik-spor-kulubu","status":"publish","type":"page","link":"https:\/\/paralimpik.tekalp.com\/index.php\/paralimpik-spor-kulubu\/","title":{"rendered":"PARAL\u0130MP\u0130K SPOR KUL\u00dcB\u00dc"},"content":{"rendered":"<p>PARAL\u0130MP\u0130K SPOR KUL\u00dcB\u00dc<\/p>\n<p>2002 Y\u0131l\u0131ndan beri Adana ilinde faaliyet g\u00f6steren \u00d6zel Sporcular t\u00fcm spor dallar\u0131, Atletizm, G\u00fcre\u015f, Basketbol, Futbol, Bocce, Cimnastik, Karate spor dallar\u0131nda bir\u00e7ok ba\u015far\u0131 kazanm\u0131\u015f bir spor kurulu\u015fudur.<\/p>\n","protected":false},"excerpt":{"rendered":"<p>PARAL\u0130MP\u0130K SPOR KUL\u00dcB\u00dc 2002 Y\u0131l\u0131ndan beri Adana ilinde faaliyet g\u00f6steren \u00d6zel Sporcular t\u00fcm spor dallar\u0131,&#8230;<\/p>\n","protected":false},"author":1,"featured_media":0,"parent":0,"menu_order":0,"comment_status":"closed","ping_status":"closed","template":"","meta":{"footnotes":""},"class_list":["post-104","page","type-page","status-publish","hentry"],"aioseo_notices":[],"_links":{"self":[{"href":"https:\/\/paralimpik.tekalp.com\/index.php\/wp-json\/wp\/v2\/pages\/104","targetHints":{"allow":["GET"]}}],"collection":[{"href":"https:\/\/paralimpik.tekalp.com\/index.php\/wp-json\/wp\/v2\/pages"}],"about":[{"href":"https:\/\/paralimpik.tekalp.com\/index.php\/wp-json\/wp\/v2\/types\/page"}],"author":[{"embeddable":true,"href":"https:\/\/paralimpik.tekalp.com\/index.php\/wp-json\/wp\/v2\/users\/1"}],"replies":[{"embeddable":true,"href":"https:\/\/paralimpik.tekalp.com\/index.php\/wp-json\/wp\/v2\/comments?post=104"}],"version-history":[{"count":1,"href":"https:\/\/paralimpik.tekalp.com\/index.php\/wp-json\/wp\/v2\/pages\/104\/revisions"}],"predecessor-version":[{"id":105,"href":"https:\/\/paralimpik.tekalp.com\/index.php\/wp-json\/wp\/v2\/pages\/104\/revisions\/105"}],"wp:attachment":[{"href":"https:\/\/paralimpik.tekalp.com\/index.php\/wp-json\/wp\/v2\/media?parent=104"}],"curies":[{"name":"wp","href":"https:\/\/api.w.org\/{rel}","templated":true}]}}